{"id":236,"date":"2020-04-03T15:14:31","date_gmt":"2020-04-03T14:14:31","guid":{"rendered":"http:\/\/muscat.astro.cf.ac.uk\/?page_id=236"},"modified":"2021-05-27T01:45:46","modified_gmt":"2021-05-27T00:45:46","slug":"team-es","status":"publish","type":"page","link":"https:\/\/muscat.astro.cf.ac.uk\/index.php\/es\/team-es\/","title":{"rendered":"Miembros del Equipo"},"content":{"rendered":"<table class=\"team\">\n<tbody>\n<tr>\n<th>\n<h5>Reino Unido<\/h5>\n<\/th>\n<th>\n<h5>M\u00e9xico<\/h5>\n<\/th>\n<\/tr>\n<tr>\n<td style=\"text-align: left;\">Simon Doyle &#8211;\u00a0<i>Investigador principal- UK<br \/>\n<\/i>Andreas Papageorgiou &#8211; <em>L\u00edder de An\u00e1lisis de datos<\/em><br \/>\nPeter Hargrave &#8211;<em> L\u00edder de \u00d3ptica<\/em><br \/>\nTom Brien &#8211; <em>L\u00edder de Criogenia\u00a0<\/em><br \/>\nSam Rowe<em> &#8211; L\u00edder de Lectura<br \/>\n<\/em>Peter Barry &#8211;<em> L\u00edder de la Fabricaci\u00f3n de Detectores<\/em><br \/>\nPhil Mauskopf<br \/>\nEnzo Pascale<br \/>\nIan Walker<br \/>\nJulian House<br \/>\nChris Dodd<\/td>\n<td style=\"text-align: left;\" valign=\"bottom\">David Hughes &#8211;\u00a0<em> Investigador principal &#8211; Mexico<\/em><br \/>\nEdgar Castillo Dom\u00ednguez &#8211;\u00a0<em>L\u00edder de Dise\u00f1o de Sistema<br \/>\nV\u00edctor G\u00f3mez &#8211; L\u00edder de Dise\u00f1o de Detectores<br \/>\nMarcial Tapia &#8211; <span class=\"tlid-translation translation\" lang=\"es\">Desarrollador de An\u00e1lisis de datos e Ingeniero de Lectura<\/span><\/em><br \/>\nDaniel Ferrusca<br \/>\nMiguel Vel\u00e1zquez<br \/>\nSalvador Ventura<br \/>\nDavid Sanchez<br \/>\nAbel P\u00e9rez<br \/>\nDulce Murias<\/td>\n<\/tr>\n<tr>\n<th colspan=\"2\" valign=\"bottom\">\n<h5>Colaboradores Adicionales<\/h5>\n<\/th>\n<\/tr>\n<tr>\n<td>Steve Eales<br \/>\nMatt Smith<br \/>\nNicolas Peretto<br \/>\nPeter Ade<br \/>\nRashmi Sudiwala<\/td>\n<td valign=\"bottom\">Chris Dunscombe<br \/>\nCarole Tucker<br \/>\nGiampaolo Pisano<br \/>\nAmber Hornsby<br \/>\nAna Torres Campos<\/td>\n<\/tr>\n<\/tbody>\n<\/table>\n","protected":false},"excerpt":{"rendered":"<p>Reino Unido M\u00e9xico Simon Doyle &#8211;\u00a0Investigador principal- UK Andreas Papageorgiou &#8211; L\u00edder de An\u00e1lisis de datos Peter Hargrave &#8211; L\u00edder de \u00d3ptica Tom Brien &#8211; L\u00edder de Criogenia\u00a0 Sam Rowe &#8211; L\u00edder de Lectura Peter Barry &#8211; L\u00edder de la Fabricaci\u00f3n de Detectores Phil Mauskopf Enzo Pascale Ian Walker Julian House Chris Dodd David Hughes &hellip; <\/p>\n<p class=\"link-more\"><a href=\"https:\/\/muscat.astro.cf.ac.uk\/index.php\/es\/team-es\/\" class=\"more-link\">Continue reading<span class=\"screen-reader-text\"> &#8220;Miembros del Equipo&#8221;<\/span><\/a><\/p>\n","protected":false},"author":12,"featured_media":0,"parent":0,"menu_order":0,"comment_status":"closed","ping_status":"closed","template":"","meta":{"footnotes":""},"class_list":["post-236","page","type-page","status-publish","hentry"],"_links":{"self":[{"href":"https:\/\/muscat.astro.cf.ac.uk\/index.php\/wp-json\/wp\/v2\/pages\/236","targetHints":{"allow":["GET"]}}],"collection":[{"href":"https:\/\/muscat.astro.cf.ac.uk\/index.php\/wp-json\/wp\/v2\/pages"}],"about":[{"href":"https:\/\/muscat.astro.cf.ac.uk\/index.php\/wp-json\/wp\/v2\/types\/page"}],"author":[{"embeddable":true,"href":"https:\/\/muscat.astro.cf.ac.uk\/index.php\/wp-json\/wp\/v2\/users\/12"}],"replies":[{"embeddable":true,"href":"https:\/\/muscat.astro.cf.ac.uk\/index.php\/wp-json\/wp\/v2\/comments?post=236"}],"version-history":[{"count":12,"href":"https:\/\/muscat.astro.cf.ac.uk\/index.php\/wp-json\/wp\/v2\/pages\/236\/revisions"}],"predecessor-version":[{"id":372,"href":"https:\/\/muscat.astro.cf.ac.uk\/index.php\/wp-json\/wp\/v2\/pages\/236\/revisions\/372"}],"wp:attachment":[{"href":"https:\/\/muscat.astro.cf.ac.uk\/index.php\/wp-json\/wp\/v2\/media?parent=236"}],"curies":[{"name":"wp","href":"https:\/\/api.w.org\/{rel}","templated":true}]}}