{"id":233,"date":"2020-04-03T15:13:55","date_gmt":"2020-04-03T14:13:55","guid":{"rendered":"http:\/\/muscat.astro.cf.ac.uk\/?page_id=233"},"modified":"2021-05-27T01:41:16","modified_gmt":"2021-05-27T00:41:16","slug":"science-es","status":"publish","type":"page","link":"https:\/\/muscat.astro.cf.ac.uk\/index.php\/es\/science-es\/","title":{"rendered":"Ciencia"},"content":{"rendered":"<p>La primera generaci\u00f3n de MUSCAT aborda distintas \u00e1reas de la astronom\u00eda: evoluci\u00f3n de galaxias y creaci\u00f3n de mapas de regiones de formaci\u00f3n estelar.<\/p>\n<h6>Astrof\u00edsica Extragal\u00e1ctica<\/h6>\n<figure id=\"attachment_82\" aria-describedby=\"caption-attachment-82\" style=\"width: 300px\" class=\"wp-caption aligncenter\"><img loading=\"lazy\" decoding=\"async\" class=\"wp-image-82 size-medium\" src=\"http:\/\/muscat.astro.cf.ac.uk\/wp-content\/uploads\/2018\/03\/SPIREvsLMT-300x185.png\" alt=\"Comparison of Herschel SPIRE and the LMT\" width=\"300\" height=\"185\" srcset=\"https:\/\/muscat.astro.cf.ac.uk\/wp-content\/uploads\/2018\/03\/SPIREvsLMT-300x185.png 300w, https:\/\/muscat.astro.cf.ac.uk\/wp-content\/uploads\/2018\/03\/SPIREvsLMT.png 744w\" sizes=\"auto, (max-width: 300px) 100vw, 300px\" \/><figcaption id=\"caption-attachment-82\" class=\"wp-caption-text\">Comparaci\u00f3n de im\u00e1genes de la fuente G12.MF.49632 del cat\u00e1logo H-ATLAS GAMA tomada por Herschel SPIRE (izquierda) y AzTEC en el GTM con 32 metros (derecha).<\/figcaption><\/figure>\n<p>El instrumento SPIRE en <em>Herschel<\/em> ha producido una significativa cantidad de resultados, por dem\u00e1s emocionantes, de proyectos extragal\u00e1cticos y gal\u00e1cticos de mapeo de \u00e1reas extensas. Sin embargo, la resoluci\u00f3n angular provista por el telescopio relativamente peque\u00f1o (3.5 metros de di\u00e1metro) limita la precisi\u00f3n de las posiciones de las fuentes, y la confusi\u00f3n de fuentes dificulta la detecci\u00f3n de galaxias normales y luminosas en el infrarrojo (l\u00edmite de luminosidad 10<sup>12<\/sup> L<sub>\ufb41<\/sub>) a alto corrimiento al rojo. El <em>Herschel<\/em>-ATLAS (H-ATLAS) es, el censo submilim\u00e9trico m\u00e1s amplio (550 grados cuadrados) y contiene 300,000 fuentes detectadas.<\/p>\n<figure id=\"attachment_88\" aria-describedby=\"caption-attachment-88\" style=\"width: 293px\" class=\"wp-caption aligncenter\"><img loading=\"lazy\" decoding=\"async\" class=\"size-medium wp-image-88\" src=\"http:\/\/muscat.astro.cf.ac.uk\/wp-content\/uploads\/2018\/03\/confusionLimit-293x300.png\" alt=\"Comparison of the confusion limit for Herschel, CCAT and the 50-m LMT\" width=\"293\" height=\"300\" srcset=\"https:\/\/muscat.astro.cf.ac.uk\/wp-content\/uploads\/2018\/03\/confusionLimit-293x300.png 293w, https:\/\/muscat.astro.cf.ac.uk\/wp-content\/uploads\/2018\/03\/confusionLimit.png 565w\" sizes=\"auto, (max-width: 293px) 100vw, 293px\" \/><figcaption id=\"caption-attachment-88\" class=\"wp-caption-text\">Comparaci\u00f3n del l\u00edmite de confusi\u00f3n para Herschel (morado), CCAT y el GTM de 50 metros. Cr\u00e9dito de imagen:<\/figcaption><\/figure>\n<p>Algunos de los resultados m\u00e1s importantes de H-ATLAS se han dado en el campo de la evoluci\u00f3n de galaxias. El equipo de H-ATLAS ha encontrado las contrapartes \u00f3pticas para las fuentes a z&lt;0.4 (cerca de un tercio del total), revelando una sorprendente evoluci\u00f3n c\u00f3smica durante los \u00faltimos cuatro mil millones de a\u00f1os, la cual es inconsistente con todos los modelos de evoluci\u00f3n gal\u00e1ctica actuales. Sin embargo, dado que dos tercios de las fuentes de H-ATLAS se encuentran a corrimientos al rojo mayores, las altas incertidumbres en las posiciones de las fuentes han imposibilitado la identificaci\u00f3n de contrapartes \u00f3pticas, y por lo tanto investigar la evoluci\u00f3n de las galaxias en una \u00e9poca c\u00f3smica anterior.<\/p>\n<h6>Formaci\u00f3n Estelar<\/h6>\n<figure id=\"attachment_89\" aria-describedby=\"caption-attachment-89\" style=\"width: 298px\" class=\"wp-caption aligncenter\"><img loading=\"lazy\" decoding=\"async\" class=\"size-medium wp-image-89\" src=\"http:\/\/muscat.astro.cf.ac.uk\/wp-content\/uploads\/2018\/03\/AzTEC_SF-298x300.png\" alt=\"Identification of stellar cores using Aztec on the 32-m LMT\" width=\"298\" height=\"300\" srcset=\"https:\/\/muscat.astro.cf.ac.uk\/wp-content\/uploads\/2018\/03\/AzTEC_SF-298x300.png 298w, https:\/\/muscat.astro.cf.ac.uk\/wp-content\/uploads\/2018\/03\/AzTEC_SF-150x150.png 150w, https:\/\/muscat.astro.cf.ac.uk\/wp-content\/uploads\/2018\/03\/AzTEC_SF-100x100.png 100w, https:\/\/muscat.astro.cf.ac.uk\/wp-content\/uploads\/2018\/03\/AzTEC_SF.png 638w\" sizes=\"auto, (max-width: 298px) 100vw, 298px\" \/><figcaption id=\"caption-attachment-89\" class=\"wp-caption-text\">Identificaci\u00f3n de n\u00facleos estelares utilizando AzTEC en el GTM con 32 metros. Contornos azules \u2013 Mapa SPIRE a 500 \u03bcm, diamantes verdes \u2013 N\u00facleos estelares resueltos utilizando AzTEC. Cr\u00e9dito de Imagen: Alyssa D. Sokol 2017 (presentado en la AAS)<\/figcaption><\/figure>\n<p>Observaciones&nbsp;de la V\u00eda L\u00e1ctea tomadas por <em>Herschel<\/em> han revelado la ubicuidad de los filamentos interestelares en las regiones de formaci\u00f3n estelar, y su estrecho v\u00ednculo con la formaci\u00f3n de n\u00facleos\/estrellas. Esto ha motivado un gran n\u00famero de investigaciones recientes en la b\u00fasqueda de comprender la relaci\u00f3n f\u00edsica entre la evoluci\u00f3n de filamentos y la formaci\u00f3n de n\u00facleos\/estrellas. Sin embargo, este tipo de estudios est\u00e1 limitado por el peque\u00f1o n\u00famero de regiones que pueden ser investigadas con una resoluci\u00f3n suficientemente alta con las infraestructuras actuales \u2014las nubes con formaci\u00f3n estelar del cintur\u00f3n de Gould (<em>d&nbsp;<\/em>&lt; 400 pc). Desafortunadamente muy pocas estrellas masivas se est\u00e1n formando en estas regiones y el tomar aquello que suceda en estas nubes como un modelo de la formaci\u00f3n estelar en el resto de la Galaxia es un problema.<\/p>\n<p>La poderosa combinaci\u00f3n de la ultra r\u00e1pida velocidad de mapeo de MUSCAT y su alta resoluci\u00f3n angular permitir\u00e1n mejorar todos los censos gal\u00e1cticos de gran escala, existentes o planeados, en un factor de 3\u201310 en sensibilidad de masa y 2\u20133 en resoluci\u00f3n angular. Har\u00e1 posible mapear estructuras con escalas de 0.1 pc hasta a una distancia de 4 kpc del Sol. Este tama\u00f1o ha sido reconocido como una posible escala universal del proceso de formaci\u00f3n estelar. MUSCAT censar\u00e1 grandes vol\u00famenes de la Galaxia con suficientes detalles espaciales para unir, por primera vez, la brecha existente entre nubes con formaci\u00f3n estelar cercanas\/con baja masa y lejanas\/con alta masa, brindando una oportunidad \u00fanica de establecer un panorama global del proceso de formaci\u00f3n estelar en la V\u00eda L\u00e1ctea.<\/p>\n","protected":false},"excerpt":{"rendered":"<p>La primera generaci\u00f3n de MUSCAT aborda distintas \u00e1reas de la astronom\u00eda: evoluci\u00f3n de galaxias y creaci\u00f3n de mapas de regiones de formaci\u00f3n estelar. Astrof\u00edsica Extragal\u00e1ctica El instrumento SPIRE en Herschel ha producido una significativa cantidad de resultados, por dem\u00e1s emocionantes, de proyectos extragal\u00e1cticos y gal\u00e1cticos de mapeo de \u00e1reas extensas. Sin embargo, la resoluci\u00f3n angular &hellip; <\/p>\n<p class=\"link-more\"><a href=\"https:\/\/muscat.astro.cf.ac.uk\/index.php\/es\/science-es\/\" class=\"more-link\">Continue reading<span class=\"screen-reader-text\"> &#8220;Ciencia&#8221;<\/span><\/a><\/p>\n","protected":false},"author":12,"featured_media":0,"parent":0,"menu_order":0,"comment_status":"closed","ping_status":"closed","template":"","meta":{"footnotes":""},"class_list":["post-233","page","type-page","status-publish","hentry"],"_links":{"self":[{"href":"https:\/\/muscat.astro.cf.ac.uk\/index.php\/wp-json\/wp\/v2\/pages\/233","targetHints":{"allow":["GET"]}}],"collection":[{"href":"https:\/\/muscat.astro.cf.ac.uk\/index.php\/wp-json\/wp\/v2\/pages"}],"about":[{"href":"https:\/\/muscat.astro.cf.ac.uk\/index.php\/wp-json\/wp\/v2\/types\/page"}],"author":[{"embeddable":true,"href":"https:\/\/muscat.astro.cf.ac.uk\/index.php\/wp-json\/wp\/v2\/users\/12"}],"replies":[{"embeddable":true,"href":"https:\/\/muscat.astro.cf.ac.uk\/index.php\/wp-json\/wp\/v2\/comments?post=233"}],"version-history":[{"count":14,"href":"https:\/\/muscat.astro.cf.ac.uk\/index.php\/wp-json\/wp\/v2\/pages\/233\/revisions"}],"predecessor-version":[{"id":338,"href":"https:\/\/muscat.astro.cf.ac.uk\/index.php\/wp-json\/wp\/v2\/pages\/233\/revisions\/338"}],"wp:attachment":[{"href":"https:\/\/muscat.astro.cf.ac.uk\/index.php\/wp-json\/wp\/v2\/media?parent=233"}],"curies":[{"name":"wp","href":"https:\/\/api.w.org\/{rel}","templated":true}]}}