{"id":223,"date":"2020-04-03T15:09:13","date_gmt":"2020-04-03T14:09:13","guid":{"rendered":"http:\/\/muscat.astro.cf.ac.uk\/?page_id=223"},"modified":"2021-05-27T01:35:26","modified_gmt":"2021-05-27T00:35:26","slug":"about-es","status":"publish","type":"page","link":"https:\/\/muscat.astro.cf.ac.uk\/index.php\/es\/about-es\/","title":{"rendered":"General"},"content":{"rendered":"<p>MUSCAT (por sus siglas en ingl\u00e9s, Mexico-UK Sub-mm Camera for Astronomy) es una c\u00e1mara milim\u00e9trica de nueva generaci\u00f3n y gran formato para el Gran Telescopio Milim\u00e9trico Alfonso Serrano (GTM) de 50 metros de di\u00e1metro en Puebla, M\u00e9xico. Posee un arreglo de plano focal que consiste en aproximadamente 1,500 detectores de inductancia cin\u00e9tica desarrollados en la Universidad de Cardiff, en Reino Unido. La colaboraci\u00f3n de MUSCAT es liderada conjuntamente por la Universidad de Cardiff y el Instituto Nacional de Astrof\u00edsica, \u00d3ptica y Electr\u00f3nica (INAOE) en M\u00e9xico.<\/p>\n<p>MUSCAT se colocar\u00e1 en el Gran Telescopio Milim\u00e9trico Milim\u00e9trico Alfonso Serrano de 50 metros en Puebla, M\u00e9xico. El GTM es el telescopio de plato \u00fanico m\u00e1s grande del mundo operando en la longitud de onda de 1.1 mm. Est\u00e1 localizado en un sitio de gran altitud (4600 m) en la regi\u00f3n central de M\u00e9xico, con condiciones atmosf\u00e9ricas excelentes para la astronom\u00eda milim\u00e9trica. Se trata de una infraestructura cient\u00edfica \u00fanica, cuya adhesi\u00f3n con MUSCAT permitir\u00e1 un profundo cambio sobre las posibilidades de la astronom\u00eda terrestre.<\/p>\n<p>Actualmente, MUSCAT est\u00e1 siendo sometida a las \u00faltimas pruebas de laboratorio y verificaci\u00f3n, previas a su env\u00edo hacia el GTM, para su integraci\u00f3n y primer semestre cient\u00edfico que seguir\u00e1 poco despu\u00e9s.<\/p>\n<p>MUSCAT es financiada conjuntamente por el <a href=\"https:\/\/www.ukri.org\/\">Research Councils UK (RCUK)<\/a>&nbsp;y el <a href=\"https:\/\/www.conacyt.gob.mx\/\">Consejo Nacional de Ciencia y Tecnolog\u00eda (CONACYT)<\/a> a trav\u00e9s del <a href=\"http:\/\/www.newtonfund.ac.uk\/\">Newton Fund.<\/a><\/p>\n","protected":false},"excerpt":{"rendered":"<p>MUSCAT (por sus siglas en ingl\u00e9s, Mexico-UK Sub-mm Camera for Astronomy) es una c\u00e1mara milim\u00e9trica de nueva generaci\u00f3n y gran formato para el Gran Telescopio Milim\u00e9trico Alfonso Serrano (GTM) de 50 metros de di\u00e1metro en Puebla, M\u00e9xico. Posee un arreglo de plano focal que consiste en aproximadamente 1,500 detectores de inductancia cin\u00e9tica desarrollados en la &hellip; <\/p>\n<p class=\"link-more\"><a href=\"https:\/\/muscat.astro.cf.ac.uk\/index.php\/es\/about-es\/\" class=\"more-link\">Continue reading<span class=\"screen-reader-text\"> &#8220;General&#8221;<\/span><\/a><\/p>\n","protected":false},"author":12,"featured_media":0,"parent":0,"menu_order":0,"comment_status":"closed","ping_status":"closed","template":"","meta":{"footnotes":""},"class_list":["post-223","page","type-page","status-publish","hentry"],"_links":{"self":[{"href":"https:\/\/muscat.astro.cf.ac.uk\/index.php\/wp-json\/wp\/v2\/pages\/223","targetHints":{"allow":["GET"]}}],"collection":[{"href":"https:\/\/muscat.astro.cf.ac.uk\/index.php\/wp-json\/wp\/v2\/pages"}],"about":[{"href":"https:\/\/muscat.astro.cf.ac.uk\/index.php\/wp-json\/wp\/v2\/types\/page"}],"author":[{"embeddable":true,"href":"https:\/\/muscat.astro.cf.ac.uk\/index.php\/wp-json\/wp\/v2\/users\/12"}],"replies":[{"embeddable":true,"href":"https:\/\/muscat.astro.cf.ac.uk\/index.php\/wp-json\/wp\/v2\/comments?post=223"}],"version-history":[{"count":12,"href":"https:\/\/muscat.astro.cf.ac.uk\/index.php\/wp-json\/wp\/v2\/pages\/223\/revisions"}],"predecessor-version":[{"id":368,"href":"https:\/\/muscat.astro.cf.ac.uk\/index.php\/wp-json\/wp\/v2\/pages\/223\/revisions\/368"}],"wp:attachment":[{"href":"https:\/\/muscat.astro.cf.ac.uk\/index.php\/wp-json\/wp\/v2\/media?parent=223"}],"curies":[{"name":"wp","href":"https:\/\/api.w.org\/{rel}","templated":true}]}}