{"id":225,"date":"2020-04-03T15:10:24","date_gmt":"2020-04-03T14:10:24","guid":{"rendered":"http:\/\/muscat.astro.cf.ac.uk\/?page_id=225"},"modified":"2020-04-09T17:31:36","modified_gmt":"2020-04-09T16:31:36","slug":"design-es","status":"publish","type":"page","link":"http:\/\/muscat.astro.cf.ac.uk\/index.php\/es\/design-es\/","title":{"rendered":"Dise\u00f1o"},"content":{"rendered":"<h6>Tecnolog\u00eda del detector<\/h6>\n<figure id=\"attachment_95\" aria-describedby=\"caption-attachment-95\" style=\"width: 300px\" class=\"wp-caption aligncenter\"><img loading=\"lazy\" decoding=\"async\" class=\"size-medium wp-image-95\" src=\"http:\/\/muscat.astro.cf.ac.uk\/wp-content\/uploads\/2018\/03\/spaceKIDs-300x286.jpg\" alt=\"\" width=\"300\" height=\"286\" srcset=\"http:\/\/muscat.astro.cf.ac.uk\/wp-content\/uploads\/2018\/03\/spaceKIDs-300x286.jpg 300w, http:\/\/muscat.astro.cf.ac.uk\/wp-content\/uploads\/2018\/03\/spaceKIDs.jpg 406w\" sizes=\"auto, (max-width: 300px) 100vw, 300px\" \/><figcaption id=\"caption-attachment-95\" class=\"wp-caption-text\">Arreglo de 625 detectores LEKID desarrollado como parte del proyecto spaceKIDS. Cr\u00e9dito de imagen: Cardiff University\/spaceKIDS consortium<\/figcaption><\/figure>\n<p>El Detector de Inductancia Cin\u00e9tica de Elementos Agrupados o LEKID (por sus siglas en Ingl\u00e9s, Lumped-Element Kinetic Inductance Detector), inventado y desarrollado por el grupo de instrumentaci\u00f3n astron\u00f3mica en la Universidad de Cardiff, es uno de las tecnolog\u00edas fundamentales de MUSCAT. Esta nueva tecnolog\u00eda de detectores mide el cambio de fase de un circuito superconductor que varia de acuerdo a la absorci\u00f3n de la radiaci\u00f3n milim\u00e9trica. Esta elegante soluci\u00f3n permite el multiplexado de cerca de 1,000 pixeles en un par de cables coaxiales, mudando los complejos componentes de lectura de temperaturas criog\u00e9nicas a temperatura ambiente. El LEKID, as\u00ed como es simple de multiplexar, es tambi\u00e9n incre\u00edblemente sencillo de fabricar, al requerir para un arreglo com\u00fan, de una sola deposici\u00f3n por cada paso.<\/p>\n<figure id=\"attachment_102\" aria-describedby=\"caption-attachment-102\" style=\"width: 525px\" class=\"wp-caption aligncenter\"><img loading=\"lazy\" decoding=\"async\" class=\"wp-image-102 size-large\" src=\"http:\/\/muscat.astro.cf.ac.uk\/wp-content\/uploads\/2018\/03\/instruments-1024x640.png\" alt=\"Pixel counts for various detectors on instruments\" width=\"525\" height=\"328\" srcset=\"http:\/\/muscat.astro.cf.ac.uk\/wp-content\/uploads\/2018\/03\/instruments-1024x640.png 1024w, http:\/\/muscat.astro.cf.ac.uk\/wp-content\/uploads\/2018\/03\/instruments-300x188.png 300w, http:\/\/muscat.astro.cf.ac.uk\/wp-content\/uploads\/2018\/03\/instruments-768x480.png 768w, http:\/\/muscat.astro.cf.ac.uk\/wp-content\/uploads\/2018\/03\/instruments.png 1600w\" sizes=\"auto, (max-width: 525px) 100vw, 525px\" \/><figcaption id=\"caption-attachment-102\" class=\"wp-caption-text\">Resumen del n\u00famero de p\u00edxeles totales utilizando TES, bol\u00f3metros y KIDS. Cr\u00e9dito de imagen: S. Rowe 2018, Cardiff University.<\/figcaption><\/figure>\n<p>El l\u00edmite del ruido fundamental de un LEKID est\u00e1 impuesto por la generaci\u00f3n y recombinaci\u00f3n aleatoria de electrones emparejados en la secci\u00f3n de meandro. Para MUSCAT, este l\u00edmite es aproximadamente dos \u00f3rdenes de magnitud menor que el impuesto por el ruido de fotones de fondo t\u00edpico de las condiciones observacionales en el sitio del GTM. m\u00e1s aun, el desempa\u00f1o requerido en estos de detectores ha sido demostrado tanto en pruebas de laboratorio como en arreglos de gran formato en el instrumento NIKA alojado en el telescopio de 30 metros IRAM. El arreglo de plano focal de MUSCAT consiste de m\u00e1s de 1,500 LEKID y la \u00f3ptica ha sido dise\u00f1ada de tal forma que se maximice su uso en el GTM de 50 metros.<\/p>\n<h6>Cri\u00f3stato<\/h6>\n<p>Los detectores de MUSCAT se encuentran alojados dentro de una plataforma criog\u00e9nica desarrollada de forma \u00fanica, la cual tambi\u00e9n guarda componentes \u00f3pticos a baja temperatura. Para maximizar la sensibilidad de los LEKIDs, los detectores son enfriados a una temperatura de 100 mK (-273.05\u00b0C) a trav\u00e9s de una serie de sistemas de enfriamiento. Este enfoque tambi\u00e9n da lugar a una plataforma vers\u00e1til que puede expandirse y adaptarse para asegurar el rendimiento de la inversi\u00f3n en el largo plazo.<\/p>\n<p>La primera etapa de enfriamiento de MUSCAT utiliza un enfriador de pulso de tubo de 2.0 W de <a href=\"https:\/\/www.cryomech.com\/\">Cryomech<\/a>, el cual provee un enfriamiento de hasta 4 K (-269.15\u00b0C). MUSCAT utiliza una novedosa combinaci\u00f3n de enfriadores de adsorci\u00f3n continua y un refrigerador de diluci\u00f3n miniatura desarrollado por <a href=\"http:\/\/www.chasecryogenics.com\/\">Chase Cryogenics<\/a>\u00a0 en colaboraci\u00f3n con el grupo de Instrumentaci\u00f3n Astron\u00f3mica (AIG por sus siglas en ingl\u00e9s) de la Universidad de Cardiff.<\/p>\n<h6>\u00d3ptica y Filtrado<\/h6>\n<p>MUSCAT se acopla \u00f3pticamente con el GTM a trav\u00e9s de una serie de espejos y receptores de corneta, todos designados para maximizar el campo de visi\u00f3n provisto por la superficie reflectora primaria de 50 metros de di\u00e1metro del telescopio. La banda \u00f3ptica de MUSCAT est\u00e1 definida por la tecnolog\u00eda, l\u00edder mundial, de filtros de malla de la Universidad de Cardiff. La fracci\u00f3n del equipo de Reino Unido ha dise\u00f1ado, construido y optimizado filtros para una \u00f3ptima selecci\u00f3n dentro de la banda y el rechazo de la radiaci\u00f3n que est\u00e9 fuera de la banda, proveniente del instrumento, el telescopio y el cielo.<\/p>\n<h6>Detector Readout<\/h6>\n<p>MUSCAT utiliza lectura innovadora, especialmente desarrollada y basada en las tarjetas FPGA (por sus siglas en Ingl\u00e9s, Field Programmable Gate Array) <a href=\"_wp_link_placeholder\" data-wplink-edit=\"true\">ROACH2<\/a>.<\/p>\n","protected":false},"excerpt":{"rendered":"<p>Tecnolog\u00eda del detector El Detector de Inductancia Cin\u00e9tica de Elementos Agrupados o LEKID (por sus siglas en Ingl\u00e9s, Lumped-Element Kinetic Inductance Detector), inventado y desarrollado por el grupo de instrumentaci\u00f3n astron\u00f3mica en la Universidad de Cardiff, es uno de las tecnolog\u00edas fundamentales de MUSCAT. Esta nueva tecnolog\u00eda de detectores mide el cambio de fase de &hellip; <\/p>\n<p class=\"link-more\"><a href=\"http:\/\/muscat.astro.cf.ac.uk\/index.php\/es\/design-es\/\" class=\"more-link\">Continue reading<span class=\"screen-reader-text\"> &#8220;Dise\u00f1o&#8221;<\/span><\/a><\/p>\n","protected":false},"author":12,"featured_media":0,"parent":0,"menu_order":0,"comment_status":"closed","ping_status":"closed","template":"","meta":{"footnotes":""},"class_list":["post-225","page","type-page","status-publish","hentry"],"_links":{"self":[{"href":"http:\/\/muscat.astro.cf.ac.uk\/index.php\/wp-json\/wp\/v2\/pages\/225","targetHints":{"allow":["GET"]}}],"collection":[{"href":"http:\/\/muscat.astro.cf.ac.uk\/index.php\/wp-json\/wp\/v2\/pages"}],"about":[{"href":"http:\/\/muscat.astro.cf.ac.uk\/index.php\/wp-json\/wp\/v2\/types\/page"}],"author":[{"embeddable":true,"href":"http:\/\/muscat.astro.cf.ac.uk\/index.php\/wp-json\/wp\/v2\/users\/12"}],"replies":[{"embeddable":true,"href":"http:\/\/muscat.astro.cf.ac.uk\/index.php\/wp-json\/wp\/v2\/comments?post=225"}],"version-history":[{"count":21,"href":"http:\/\/muscat.astro.cf.ac.uk\/index.php\/wp-json\/wp\/v2\/pages\/225\/revisions"}],"predecessor-version":[{"id":348,"href":"http:\/\/muscat.astro.cf.ac.uk\/index.php\/wp-json\/wp\/v2\/pages\/225\/revisions\/348"}],"wp:attachment":[{"href":"http:\/\/muscat.astro.cf.ac.uk\/index.php\/wp-json\/wp\/v2\/media?parent=225"}],"curies":[{"name":"wp","href":"https:\/\/api.w.org\/{rel}","templated":true}]}}